{"id":4400,"date":"2022-09-01T02:11:44","date_gmt":"2022-09-01T06:11:44","guid":{"rendered":"https:\/\/acpnglobal.org\/fr\/?page_id=4400"},"modified":"2022-09-02T18:12:05","modified_gmt":"2022-09-02T22:12:05","slug":"wellness-management","status":"publish","type":"page","link":"https:\/\/acpnglobal.org\/fr\/programs\/wellness-management\/","title":{"rendered":"Gestion du bien-\u00eatre"},"content":{"rendered":"<p>[et_pb_section fb_built=\u00a0\u00bb1&Prime; _builder_version=\u00a0\u00bb4.9.4&Prime; _module_preset=\u00a0\u00bbdefault\u00a0\u00bb][et_pb_row _builder_version=\u00a0\u00bb4.9.4&Prime; _module_preset=\u00a0\u00bbdefault\u00a0\u00bb custom_margin=\u00a0\u00bb|auto||211px||\u00a0\u00bb][et_pb_column type=\u00a0\u00bb4_4&Prime; _builder_version=\u00a0\u00bb4.9.4&Prime; _module_preset=\u00a0\u00bbdefault\u00a0\u00bb][et_pb_text _builder_version=\u00a0\u00bb4.9.4&Prime; _module_preset=\u00a0\u00bbdefault\u00a0\u00bb custom_margin=\u00a0\u00bb-60px||-60px||true|false\u00a0\u00bb custom_padding=\u00a0\u00bb||0px|||\u00a0\u00bb]<\/p>\n<p><img loading=\"lazy\" decoding=\"async\" class=\"wp-image-4212  aligncenter\" src=\"https:\/\/acpnglobal.org\/wp-content\/uploads\/2021\/08\/t3.png\" alt=\"\" width=\"107\" height=\"102\" \/><\/p>\n<h1><\/h1>\n<h1 style=\"text-align: center;\">Leadership en bien-\u00eatre pour la communaut\u00e9, la famille, les enfants et les jeunes<\/h1>\n<p>&nbsp;<\/p>\n<p><span style=\"font-size: large;\">Wellness Leadership for Community, Family, Kids, Youth est un programme innovant de l&rsquo;ACPN qui \u00ab\u00a0int\u00e8gre\u00a0\u00bb le leadership dans l&rsquo;industrie des sciences et du bien-\u00eatre li\u00e9s \u00e0 la sant\u00e9, aide les enfants, les jeunes, la famille et les professionnels (leaders du bien-\u00eatre communautaire) \u00e0 apprendre comment le leadership peut \u00eatre appliqu\u00e9 au domaine de la sant\u00e9 et de la nutrition, Comment am\u00e9liorer la capacit\u00e9 de leadership et appliquer ces qualit\u00e9s \u00e0 la maison, \u00e0 l&rsquo;\u00e9cole, dans votre carri\u00e8re et inspirer ceux qui vous entourent \u00e0 rechercher le bien-\u00eatre dans tous les domaines de leur vie.<\/span><\/p>\n<p>&nbsp;<\/p>\n<p>[\/et_pb_text][\/et_pb_column][\/et_pb_row][et_pb_row _builder_version=\u00a0\u00bb4.9.4&Prime; _module_preset=\u00a0\u00bbdefault\u00a0\u00bb][et_pb_column _builder_version=\u00a0\u00bb4.9.4&Prime; _module_preset=\u00a0\u00bbdefault\u00a0\u00bb type=\u00a0\u00bb4_4&Prime;][et_pb_nextend_smart_slider_3 _builder_version=\u00a0\u00bb4.9.4&Prime; _module_preset=\u00a0\u00bbdefault\u00a0\u00bb hover_enabled=\u00a0\u00bb0&Prime; sticky_enabled=\u00a0\u00bb0&Prime;][\/et_pb_nextend_smart_slider_3][\/et_pb_column][\/et_pb_row][et_pb_row _builder_version=\u00a0\u00bb4.9.4&Prime; _module_preset=\u00a0\u00bbdefault\u00a0\u00bb][et_pb_column type=\u00a0\u00bb4_4&Prime; _builder_version=\u00a0\u00bb4.9.4&Prime; _module_preset=\u00a0\u00bbdefault\u00a0\u00bb][et_pb_text _builder_version=\u00a0\u00bb4.9.4&Prime; _module_preset=\u00a0\u00bbdefault\u00a0\u00bb custom_margin=\u00a0\u00bb||-120px||false|false\u00a0\u00bb]<\/p>\n<h2 style=\"text-align: center;\">Lib\u00e9rez le pouvoir du leadership en mati\u00e8re de bien-\u00eatre pour les enfants, les jeunes et la famille en une heure<\/h2>\n<p>&nbsp;<\/p>\n<h2 style=\"text-align: center;\">Section 1<\/h2>\n<p>[\/et_pb_text][\/et_pb_column][\/et_pb_row][et_pb_row _builder_version=\u00a0\u00bb4.9.4&Prime; _module_preset=\u00a0\u00bbdefault\u00a0\u00bb custom_margin=\u00a0\u00bb-60px||||false|false\u00a0\u00bb custom_padding=\u00a0\u00bb0px|||||\u00a0\u00bb][et_pb_column type=\u00a0\u00bb4_4&Prime; _builder_version=\u00a0\u00bb4.9.4&Prime; _module_preset=\u00a0\u00bbdefault\u00a0\u00bb][et_pb_nextend_smart_slider_3 slider=\u00a0\u00bb9&Prime; _builder_version=\u00a0\u00bb4.9.4&Prime; _module_preset=\u00a0\u00bbdefault\u00a0\u00bb][\/et_pb_nextend_smart_slider_3][et_pb_text _builder_version=\u00a0\u00bb4.9.4&Prime; _module_preset=\u00a0\u00bbdefault\u00a0\u00bb custom_margin=\u00a0\u00bb-40px||||false|false\u00a0\u00bb]<\/p>\n<h4><span style=\"color: #5ea300;\"><a href=\"https:\/\/youtu.be\/p7ya_P-vV-M\" style=\"color: #5ea300;\">Chapitre 1 Qu&rsquo;est-ce qui d\u00e9finit un bon Leader? <\/a>\u00a0<\/span><\/h4>\n<h4><span style=\"color: #5ea300;\"><a href=\"https:\/\/youtu.be\/8_TC7KVvf90\" style=\"color: #5ea300;\">Chapitre 2 Les dirigeants se concentrent sur la sant\u00e9 et la nutrition \u00a0<\/a>\u00a0<\/span><\/h4>\n<h4><span style=\"color: #5ea300;\"><a href=\"https:\/\/youtu.be\/X86RDNh6BjY\" style=\"color: #5ea300;\">Chapitre 3 5 niveaux de leadership<\/a>\u00a0<\/span><\/h4>\n<h4><span style=\"color: #5ea300;\"><a href=\"https:\/\/youtu.be\/LSN3lNyyW3Y\" style=\"color: #5ea300;\">Chapitre 4 Les leaders lancent une VISION\u00a0<\/a>\u00a0<\/span><\/h4>\n<h4><span style=\"color: #5ea300;\"><a href=\"https:\/\/youtu.be\/Gwu0z45fQ5s\" style=\"color: #5ea300;\">Chapitre 5 Vous attirez ce que vous \u00eates\u00a0<\/a>\u00a0<\/span><\/h4>\n<h4><span style=\"color: #5ea300;\"><a href=\"https:\/\/youtu.be\/YfaaZuZuMhY\" style=\"color: #5ea300;\">Chapitre 6 Diriger depuis le front<\/a>\u00a0<\/span><\/h4>\n<h4><span style=\"color: #5ea300;\"><a href=\"https:\/\/youtu.be\/DOe6jQmOaAo\" style=\"color: #5ea300;\">Chapitre 7 Comment d\u00e9finir des objectifs SMART?<\/a>\u00a0<\/span><\/h4>\n<h4><span style=\"color: #5ea300;\"><a href=\"https:\/\/youtu.be\/8HoW7OpZNM8\" style=\"color: #5ea300;\">Chapitre 8 Attitude Mentale PMA-Positive\u00a0<\/a>\u00a0<\/span><\/h4>\n<h4><span style=\"color: #5ea300;\"><a href=\"https:\/\/youtu.be\/uZidQQ0AbSE\" style=\"color: #5ea300;\">Chapitre 9 Testez votre leadership par le b\u00e9n\u00e9volat<\/a><\/span><\/h4>\n<h4><span style=\"color: #5ea300;\"><a href=\"https:\/\/youtu.be\/mkS1XM1FVlU\" style=\"color: #5ea300;\">Chapitre 10 FAMILLE Bien-\u00eatre Leadership<\/a><\/span><\/h4>\n<h4><span style=\"color: #5ea300;\"><a href=\"https:\/\/youtu.be\/VPnqiTQB1TU\" style=\"color: #5ea300;\">Chapitre 11 ENFANTS, JEUNESSE Leadership en mati\u00e8re de bien-\u00eatre\u00a0<\/a>\u00a0<\/span><\/h4>\n<p>[\/et_pb_text][\/et_pb_column][\/et_pb_row][et_pb_row _builder_version=\u00a0\u00bb4.9.4&Prime; _module_preset=\u00a0\u00bbdefault\u00a0\u00bb custom_margin=\u00a0\u00bb-60px||||false|false\u00a0\u00bb custom_padding=\u00a0\u00bb0px|||||\u00a0\u00bb][et_pb_column type=\u00a0\u00bb4_4&Prime; _builder_version=\u00a0\u00bb4.9.4&Prime; _module_preset=\u00a0\u00bbdefault\u00a0\u00bb][et_pb_text _builder_version=\u00a0\u00bb4.9.4&Prime; _module_preset=\u00a0\u00bbdefault\u00a0\u00bb custom_margin=\u00a0\u00bb20px||-20px||false|false\u00a0\u00bb]<\/p>\n<h2 style=\"text-align: center;\">Section 2 Q &amp; A<\/h2>\n<p>[\/et_pb_text][et_pb_nextend_smart_slider_3 slider=\u00a0\u00bb10&Prime; _builder_version=\u00a0\u00bb4.9.4&Prime; _module_preset=\u00a0\u00bbdefault\u00a0\u00bb][\/et_pb_nextend_smart_slider_3][et_pb_text _builder_version=\u00a0\u00bb4.9.4&Prime; _module_preset=\u00a0\u00bbdefault\u00a0\u00bb custom_margin=\u00a0\u00bb0px||||false|false\u00a0\u00bb]<\/p>\n<h4><span style=\"color: #5ea300;\"><a href=\"https:\/\/youtu.be\/k8XO6tm8izw\" style=\"color: #5ea300;\">QA1 \u2013 En tant que parent, comment devrions-nous aider les enfants \u00e0 comprendre le leadership? Relier le leadership au bien-\u00eatre?\u00a0<\/a>\u00a0<\/span><\/h4>\n<h4><span style=\"color: #5ea300;\"><a href=\"https:\/\/youtu.be\/hWsEmuijLeY\" style=\"color: #5ea300;\">QA2 \u2013 Comment-quelle est la meilleure fa\u00e7on de d\u00e9velopper le leadership en classe, \u00e0 l&rsquo;\u00e9cole ou m\u00eame dans la communaut\u00e9?\u00a0<\/a>\u00a0<\/span><\/h4>\n<h4><span style=\"color: #5ea300;\"><a href=\"https:\/\/youtu.be\/wtXnSd9UfjY\" style=\"color: #5ea300;\">QA3 \u2013 Mon p\u00e8re est le chef de ma famille, comment puis-je dire \u00e0 mon p\u00e8re : laisse-moi \u00eatre le chef de famille?\u00a0<\/a>\u00a0<\/span><\/h4>\n<h4><span style=\"color: #5ea300;\"><a href=\"https:\/\/youtu.be\/BL-vfKPu7WQ\" style=\"color: #5ea300;\">QA4 \u2013 Quelle est la valeur la plus importante que les enfants doivent poss\u00e9der pour devenir un bon leader?<\/a>\u00a0<\/span><\/h4>\n<h4><span style=\"color: #5ea300;\"><a href=\"https:\/\/youtu.be\/akDvSTHLvtk\" style=\"color: #5ea300;\">QA5 \u2013 combien de temps a-t-il fallu pour se pr\u00e9parer pleinement \u00e0 ce discours?\u00a0<\/a>\u00a0<\/span><\/h4>\n<h4><span style=\"color: #5ea300;\"><a href=\"https:\/\/youtu.be\/4YqSLsDbtow\" style=\"color: #5ea300;\">QA6 &#8211; Je suis tr\u00e8s excit\u00e9 car le discours d&rsquo;aujourd&rsquo;hui combine le leadership-nutrition-sant\u00e9, Allez-vous continuer les recherches sur ce sujet?<\/a>\u00a0<\/span><\/h4>\n<h4><span style=\"color: #5ea300;\"><a href=\"https:\/\/youtu.be\/-DsAC8K0vDA\" style=\"color: #5ea300;\">QA07 \u2013 Vous \u00eates le premier orateur au monde \u2013 Wellness Leadership for Community.Family.Kids.Youth, Pourquoi avez-vous choisi ce sujet?<\/a>\u00a0<\/span><\/h4>\n<h4><span style=\"color: #5ea300;\"><a href=\"https:\/\/youtu.be\/C-OYF52o6wA\" style=\"color: #5ea300;\">QA08 &#8211; Quels sont le plus grand d\u00e9fi et les opportunit\u00e9s pour le nouveau projet &#8211; Leadership en mati\u00e8re de bien-\u00eatre pour la communaut\u00e9.la famille.les enfants.les jeunes?\u00a0<\/a>\u00a0<\/span><\/h4>\n<h4><span style=\"color: #5ea300;\"><a href=\"https:\/\/youtu.be\/yoA4RM-F5vA\" style=\"color: #5ea300;\">QA09 \u2013 Quelles sont vos prochaines \u00e9tapes et projets dans ce partenariat en cours avec ACPN?\u00a0<\/a>\u00a0<\/span><\/h4>\n<h4><span style=\"color: #5ea300;\"><a href=\"https:\/\/youtu.be\/BnoOJ7Lbgjw\" style=\"color: #5ea300;\">QA10 \u2013 Comment puis-je aider mon p\u00e8re \u00e0 manger des aliments plus sains?<\/a>\u00a0<\/span><\/h4>\n<h4><span style=\"color: #5ea300;\"><a href=\"https:\/\/youtu.be\/l6muTB9SnNo\" style=\"color: #5ea300;\">QA11 \u2013 Pourquoi cr\u00e9er une PLATEFORME DE BIEN-\u00caTRE COMMUNAUTAIRE?\u00a0<\/a>\u00a0<\/span><\/h4>\n<h4><span style=\"color: #5ea300;\"><a href=\"https:\/\/youtu.be\/isCzpM4IfLk\" style=\"color: #5ea300;\">QA12 &#8211; A l&rsquo;heure o\u00f9 l&rsquo;information, les \u00e9v\u00e9nements, les r\u00e9unions Zoom, etc. explosent, comment \u00e9viter les risques sanitaires et commerciaux?\u00a0<\/a>\u00a0<\/span><\/h4>\n<h4><span style=\"color: #5ea300;\"><a href=\"https:\/\/youtu.be\/37ndFwO7XA0\" style=\"color: #5ea300;\">QA13 \u2013 \u00c9loignez-vous des risques li\u00e9s \u00e0 la sant\u00e9 et aux achats &#8211; action, action et action <\/a>\u00a0<\/span><\/h4>\n<h4><span style=\"color: #5ea300;\"><a href=\"https:\/\/youtu.be\/7hashFNpWww\" style=\"color: #5ea300;\">QA14 \u2013 De quel type de pouvoirs avons-nous besoin pour franchir les barri\u00e8res de l&rsquo;information afin d&rsquo;am\u00e9liorer notre sant\u00e9?<\/a>\u00a0<\/span><\/h4>\n<h4><span style=\"color: #5ea300;\"><a href=\"https:\/\/youtu.be\/UtjS2OBFpRk\" style=\"color: #5ea300;\">QA15 \u2013 Qu&rsquo;est-ce que le leadership en mati\u00e8re de bien-\u00eatre ? Qui sera le leader du bien-\u00eatre ?<\/a>\u00a0<\/span><\/h4>\n<h4><span style=\"color: #5ea300;\"><a href=\"https:\/\/youtu.be\/yOJ5vDtQHkw\" style=\"color: #5ea300;\">QA16 \u2013 PLATEFORME DE BIEN-\u00caTRE COMMUNAUTAIRE ACPN<\/a>\u00a0<\/span><\/h4>\n<h4><span style=\"color: #5ea300;\"><a href=\"https:\/\/youtu.be\/uySyyO7xVaU\" style=\"color: #5ea300;\">QA17 \u2013 Comment le programme 3 Layers Wellness aide-t-il \u00e0 relier la science au professionnel, \u00e0 la communaut\u00e9, \u00e0 la famille, aux enfants et aux jeunes couche par couche?\u00a0\u00a0<\/a>\u00a0<\/span><\/h4>\n<h4><span style=\"color: #5ea300;\"><a href=\"https:\/\/youtu.be\/eyYKJuHPhvw\" style=\"color: #5ea300;\">QA18 \u2013 Tenez-vous sur les \u00e9paules de g\u00e9ants \u2013 Smart Education &amp; \u00c9v\u00e9nements &#8211; Concours de gestion de l&rsquo;immunit\u00e9 du cycle de vie &#8211; Journ\u00e9e nationale de la nutrition\u00a0<\/a>\u00a0<\/span><\/h4>\n<p>[\/et_pb_text][et_pb_text _builder_version=\u00a0\u00bb4.9.4&Prime; _module_preset=\u00a0\u00bbdefault\u00a0\u00bb custom_margin=\u00a0\u00bb20px||-120px||false|false\u00a0\u00bb]<\/p>\n<h2 style=\"text-align: center;\">Section 3 R\u00e9troaction<\/h2>\n<p>[\/et_pb_text][\/et_pb_column][\/et_pb_row][et_pb_row _builder_version=\u00a0\u00bb4.9.4&Prime; _module_preset=\u00a0\u00bbdefault\u00a0\u00bb custom_margin=\u00a0\u00bb-60px||||false|false\u00a0\u00bb custom_padding=\u00a0\u00bb0px|||||\u00a0\u00bb][et_pb_column type=\u00a0\u00bb4_4&Prime; _builder_version=\u00a0\u00bb4.9.4&Prime; _module_preset=\u00a0\u00bbdefault\u00a0\u00bb][et_pb_nextend_smart_slider_3 slider=\u00a0\u00bb9&Prime; _builder_version=\u00a0\u00bb4.9.4&Prime; _module_preset=\u00a0\u00bbdefault\u00a0\u00bb][\/et_pb_nextend_smart_slider_3][et_pb_text _builder_version=\u00a0\u00bb4.9.4&Prime; _module_preset=\u00a0\u00bbdefault\u00a0\u00bb custom_margin=\u00a0\u00bb-40px||||false|false\u00a0\u00bb custom_padding=\u00a0\u00bb||16px|||\u00a0\u00bb]<\/p>\n<h4><span style=\"color: #5ea300;\"><a href=\"https:\/\/youtu.be\/pkLPGI_Ar5w\" style=\"color: #5ea300;\">QIF01- Interaction et commentaires de KidsYouth &#8211; Soyez des leaders du bien-\u00eatre des enfants \u00e0 la maison, \u00e0 l&rsquo;\u00e9cole et dans la communaut\u00e9<\/a>\u00a0<\/span><\/h4>\n<h4><span style=\"color: #5ea300;\"><a href=\"https:\/\/youtu.be\/cCu3r8Bu-ys\" style=\"color: #5ea300;\">QIF02- Interaction et commentaires de la famille &#8211; Soyez des leaders du bien-\u00eatre familial \u00e0 la maison, \u00e0 l&rsquo;\u00e9cole et dans la communaut\u00e9<\/a>\u00a0<\/span><\/h4>\n<p>[\/et_pb_text][\/et_pb_column][\/et_pb_row][\/et_pb_section]<\/p>\n","protected":false},"excerpt":{"rendered":"<p>[et_pb_section fb_built=\u00a0\u00bb1&Prime; _builder_version=\u00a0\u00bb4.9.4&Prime; _module_preset=\u00a0\u00bbdefault\u00a0\u00bb][et_pb_row _builder_version=\u00a0\u00bb4.9.4&Prime; _module_preset=\u00a0\u00bbdefault\u00a0\u00bb custom_margin=\u00a0\u00bb|auto||211px||\u00a0\u00bb][et_pb_column type=\u00a0\u00bb4_4&Prime; _builder_version=\u00a0\u00bb4.9.4&Prime; _module_preset=\u00a0\u00bbdefault\u00a0\u00bb][et_pb_text _builder_version=\u00a0\u00bb4.9.4&Prime; _module_preset=\u00a0\u00bbdefault\u00a0\u00bb custom_margin=\u00a0\u00bb-60px||-60px||true|false\u00a0\u00bb custom_padding=\u00a0\u00bb||0px|||\u00a0\u00bb] Leadership en bien-\u00eatre pour la communaut\u00e9, la famille, les enfants et les jeunes &nbsp; Wellness Leadership for Community, Family, Kids, Youth est un programme innovant de l&rsquo;ACPN qui \u00ab\u00a0int\u00e8gre\u00a0\u00bb le leadership dans l&rsquo;industrie des sciences et du bien-\u00eatre li\u00e9s \u00e0 la [&hellip;]<\/p>\n","protected":false},"author":1,"featured_media":0,"parent":1961,"menu_order":0,"comment_status":"closed","ping_status":"closed","template":"","meta":{"_et_pb_use_builder":"on","_et_pb_old_content":"","_et_gb_content_width":"","footnotes":""},"class_list":["post-4400","page","type-page","status-publish","hentry"],"_links":{"self":[{"href":"https:\/\/acpnglobal.org\/fr\/wp-json\/wp\/v2\/pages\/4400","targetHints":{"allow":["GET"]}}],"collection":[{"href":"https:\/\/acpnglobal.org\/fr\/wp-json\/wp\/v2\/pages"}],"about":[{"href":"https:\/\/acpnglobal.org\/fr\/wp-json\/wp\/v2\/types\/page"}],"author":[{"embeddable":true,"href":"https:\/\/acpnglobal.org\/fr\/wp-json\/wp\/v2\/users\/1"}],"replies":[{"embeddable":true,"href":"https:\/\/acpnglobal.org\/fr\/wp-json\/wp\/v2\/comments?post=4400"}],"version-history":[{"count":8,"href":"https:\/\/acpnglobal.org\/fr\/wp-json\/wp\/v2\/pages\/4400\/revisions"}],"predecessor-version":[{"id":4419,"href":"https:\/\/acpnglobal.org\/fr\/wp-json\/wp\/v2\/pages\/4400\/revisions\/4419"}],"up":[{"embeddable":true,"href":"https:\/\/acpnglobal.org\/fr\/wp-json\/wp\/v2\/pages\/1961"}],"wp:attachment":[{"href":"https:\/\/acpnglobal.org\/fr\/wp-json\/wp\/v2\/media?parent=4400"}],"curies":[{"name":"wp","href":"https:\/\/api.w.org\/{rel}","templated":true}]}}